{"id":95,"date":"2020-05-28T13:33:34","date_gmt":"2020-05-28T16:33:34","guid":{"rendered":"http:\/\/hospitaldecampanhaanhembi.animaker.com.br\/?page_id=95"},"modified":"2021-09-02T20:16:29","modified_gmt":"2021-09-02T20:16:29","slug":"programa-de-integridade-e-compliance","status":"publish","type":"page","link":"https:\/\/hsc.animaker.com.br\/?page_id=95","title":{"rendered":"Programa de Integridade e Compliance"},"content":{"rendered":"<div class=\"container section-title-container\" ><h3 class=\"section-title section-title-normal\"><b aria-hidden=\"true\"><\/b><span class=\"section-title-main\" >Programa de Integridade e Compliance<\/span><b aria-hidden=\"true\"><\/b><\/h3><\/div>\n<ul>\n<li>Alta Administra\u00e7\u00e3o<\/li>\n<li>Manual de Conformidade Administrativa, Pol\u00edticas e Princ\u00edpios de Integridade<\/li>\n<li>Pol\u00edticas, Normas e Regulamentos<\/li>\n<li>Relat\u00f3rio de Compliance e Integridade<\/li>\n<li>Fornecedores e Parceiros<\/li>\n<li>Comunica\u00e7\u00e3o<\/li>\n<li>Treinamentos<\/li>\n<li>Dilig\u00eancia de Fornecedores e Prestadores de Servi\u00e7os<\/li>\n<li>Canal de Den\u00fancia<\/li>\n<\/ul>\n","protected":false},"excerpt":{"rendered":"<p>Alta Administra\u00e7\u00e3o Manual de Conformidade Administrativa, Pol\u00edticas e Princ\u00edpios de Integridade Pol\u00edticas, Normas e Regulamentos Relat\u00f3rio de Compliance e Integridade Fornecedores e Parceiros Comunica\u00e7\u00e3o Treinamentos Dilig\u00eancia de Fornecedores e Prestadores de Servi\u00e7os Canal de Den\u00fancia<\/p>\n","protected":false},"author":1,"featured_media":0,"parent":0,"menu_order":0,"comment_status":"closed","ping_status":"closed","template":"","meta":{"footnotes":""},"class_list":["post-95","page","type-page","status-publish","hentry"],"_links":{"self":[{"href":"https:\/\/hsc.animaker.com.br\/index.php?rest_route=\/wp\/v2\/pages\/95","targetHints":{"allow":["GET"]}}],"collection":[{"href":"https:\/\/hsc.animaker.com.br\/index.php?rest_route=\/wp\/v2\/pages"}],"about":[{"href":"https:\/\/hsc.animaker.com.br\/index.php?rest_route=\/wp\/v2\/types\/page"}],"author":[{"embeddable":true,"href":"https:\/\/hsc.animaker.com.br\/index.php?rest_route=\/wp\/v2\/users\/1"}],"replies":[{"embeddable":true,"href":"https:\/\/hsc.animaker.com.br\/index.php?rest_route=%2Fwp%2Fv2%2Fcomments&post=95"}],"version-history":[{"count":0,"href":"https:\/\/hsc.animaker.com.br\/index.php?rest_route=\/wp\/v2\/pages\/95\/revisions"}],"wp:attachment":[{"href":"https:\/\/hsc.animaker.com.br\/index.php?rest_route=%2Fwp%2Fv2%2Fmedia&parent=95"}],"curies":[{"name":"wp","href":"https:\/\/api.w.org\/{rel}","templated":true}]}}