{"id":79,"date":"2020-05-27T16:34:14","date_gmt":"2020-05-27T19:34:14","guid":{"rendered":"http:\/\/hospitaldecampanhaanhembi.animaker.com.br\/?page_id=79"},"modified":"2021-09-02T20:09:13","modified_gmt":"2021-09-02T20:09:13","slug":"fale-conosco","status":"publish","type":"page","link":"https:\/\/hsc.animaker.com.br\/?page_id=79","title":{"rendered":"Fale Conosco"},"content":{"rendered":"<div class=\"container section-title-container\" ><h3 class=\"section-title section-title-normal\"><b aria-hidden=\"true\"><\/b><span class=\"section-title-main\" >Fale Conosco<\/span><b aria-hidden=\"true\"><\/b><\/h3><\/div>\n<div class=\"row row-large\"  id=\"row-1872322433\">\n\n\t<div id=\"col-1962896659\" class=\"col small-12 large-12\"  >\n\t\t\t\t<div class=\"col-inner\"  >\n\t\t\t\n\t\t\t\n<h3 style=\"text-align: justify;\">Formas de Contato<span style=\"font-size: 80%;\"><button id=\"bb1\" type=\"button\" value=\"Play\" class=\"responsivevoice-button\" title=\"ResponsiveVoice Tap to Start\/Stop Speech\"><span>&#128266; Ouvir<\/span><\/button>\n        <script>\n            bb1.onclick = function(){\n                if(responsiveVoice.isPlaying()){\n                    responsiveVoice.cancel();\n                }else{\n                    responsiveVoice.speak(\"Hospital Santa Catarina, coloca \u00e0 sua disposi\u00e7\u00e3o o Servi\u00e7o de Atendimento ao Usu\u00e1rio (S.A.U) um Canal de Comunica\u00e7\u00e3o que tem o objetivo de receber elogios, sugest\u00f5es ou reclama\u00e7\u00f5es.\u00a0 - Pessoalmente, no S.A.U localizado na Recep\u00e7\u00e3o Principal\/\u00c1trio do Hospital e Maternidade Municipal Dr. Odelmo Le\u00e3o Carneiro; - Email: sau@hmmdolc.spdm.org.br - Telefone: (34) 3253-5678\", \"Brazilian Portuguese Female\");\n                }\n            };\n        <\/script>\n    <\/span><\/h3>\n<p style=\"text-align: justify;\"><span style=\"font-weight: 400;\">Hospital Santa Catarina, coloca \u00e0 sua disposi\u00e7\u00e3o o Servi\u00e7o de Atendimento ao Usu\u00e1rio (S.A.U) um Canal de Comunica\u00e7\u00e3o que tem o objetivo de receber elogios, sugest\u00f5es ou reclama\u00e7\u00f5es.\u00a0<\/span><\/p>\n<p style=\"text-align: justify;\"><span style=\"font-weight: 400;\">&#8211; Pessoalmente, no S.A.U localizado na Recep\u00e7\u00e3o Principal\/\u00c1trio do Hospital e Maternidade Municipal Dr. Odelmo Le\u00e3o Carneiro;<\/span><\/p>\n<p style=\"text-align: justify;\"><span style=\"font-weight: 400;\">&#8211; Email: <\/span><a href=\"mailto:sau@hmmdolc.spdm.org.br\"><span style=\"font-weight: 400;\">sau@hmmdolc.spdm.org.br<\/span><\/a><\/p>\n<p style=\"text-align: justify;\"><span style=\"font-weight: 400;\">&#8211; Telefone: (34) 3253-5678<\/span><\/p>\n<p style=\"text-align: justify;\">\n\t\t<\/div>\n\t\t\t\t\t<\/div>\n\n\t\n<\/div>\n","protected":false},"excerpt":{"rendered":"","protected":false},"author":1,"featured_media":0,"parent":0,"menu_order":0,"comment_status":"closed","ping_status":"closed","template":"","meta":{"footnotes":""},"class_list":["post-79","page","type-page","status-publish","hentry"],"_links":{"self":[{"href":"https:\/\/hsc.animaker.com.br\/index.php?rest_route=\/wp\/v2\/pages\/79","targetHints":{"allow":["GET"]}}],"collection":[{"href":"https:\/\/hsc.animaker.com.br\/index.php?rest_route=\/wp\/v2\/pages"}],"about":[{"href":"https:\/\/hsc.animaker.com.br\/index.php?rest_route=\/wp\/v2\/types\/page"}],"author":[{"embeddable":true,"href":"https:\/\/hsc.animaker.com.br\/index.php?rest_route=\/wp\/v2\/users\/1"}],"replies":[{"embeddable":true,"href":"https:\/\/hsc.animaker.com.br\/index.php?rest_route=%2Fwp%2Fv2%2Fcomments&post=79"}],"version-history":[{"count":0,"href":"https:\/\/hsc.animaker.com.br\/index.php?rest_route=\/wp\/v2\/pages\/79\/revisions"}],"wp:attachment":[{"href":"https:\/\/hsc.animaker.com.br\/index.php?rest_route=%2Fwp%2Fv2%2Fmedia&parent=79"}],"curies":[{"name":"wp","href":"https:\/\/api.w.org\/{rel}","templated":true}]}}