{"id":44,"date":"2020-05-27T11:42:00","date_gmt":"2020-05-27T14:42:00","guid":{"rendered":"http:\/\/hospitaldecampanhaanhembi.animaker.com.br\/?page_id=44"},"modified":"2021-10-06T16:37:01","modified_gmt":"2021-10-06T16:37:01","slug":"home-hospital-de-campanha-anhembi","status":"publish","type":"page","link":"https:\/\/hsc.animaker.com.br\/","title":{"rendered":"Home HSC"},"content":{"rendered":"<div class=\"slider-wrapper relative\" id=\"slider-234181422\" >\n    <div class=\"slider slider-nav-circle slider-nav-normal slider-nav-light slider-style-normal\"\n        data-flickity-options='{\n            \"cellAlign\": \"center\",\n            \"imagesLoaded\": true,\n            \"lazyLoad\": 1,\n            \"freeScroll\": false,\n            \"wrapAround\": true,\n            \"autoPlay\": 14000,\n            \"pauseAutoPlayOnHover\" : false,\n            \"prevNextButtons\": true,\n            \"contain\" : true,\n            \"adaptiveHeight\" : true,\n            \"dragThreshold\" : 10,\n            \"percentPosition\": true,\n            \"pageDots\": true,\n            \"rightToLeft\": false,\n            \"draggable\": false,\n            \"selectedAttraction\": 0.1,\n            \"parallax\" : 0,\n            \"friction\": 0.6        }'\n        >\n        \n\n  <div class=\"banner has-hover has-video\" id=\"banner-419846665\">\n          <div class=\"banner-inner fill\">\n        <div class=\"banner-bg fill\" >\n                        \t<div class=\"video-overlay no-click fill hide-for-medium\"><\/div>\n\t<video class=\"video-bg fill hide-for-medium\" preload playsinline autoplay muted loop>\n\t\t<source src=\"https:\/\/hospitaldecampanhaanhembi.spdmafiliadas.org.br\/wp-content\/uploads\/sites\/41\/2020\/06\/intro-spdm-hospital-campanha.mp4\" type=\"video\/mp4\">\t<\/video>\n                        \n                    <\/div>\n\t\t\n        <div class=\"banner-layers container\">\n            <div class=\"fill banner-link\"><\/div>            \n   <div id=\"text-box-578878069\" class=\"text-box banner-layer text-box-square x5 md-x5 lg-x5 y5 md-y5 lg-y5 res-text\">\n              <div data-parallax=\"2\" data-parallax-fade=\"true\">       <div data-animate=\"fadeInLeft\">           <div class=\"text-box-content text \">\n              \n              <div class=\"text-inner text-center\">\n                  \n\t<div class=\"img has-hover x md-x lg-x y md-y lg-y\" id=\"image_1720316579\">\n\t\t\t\t\t\t\t\t<div class=\"img-inner dark\" >\n\t\t\t<img loading=\"lazy\" decoding=\"async\" width=\"570\" height=\"391\" src=\"https:\/\/hsc.animaker.com.br\/wp-content\/uploads\/sites\/147\/2021\/09\/Captura-de-Tela-2021-09-02-a\u0300s-15.36.23.png\" class=\"attachment-original size-original\" alt=\"\" srcset=\"https:\/\/hsc.animaker.com.br\/wp-content\/uploads\/sites\/147\/2021\/09\/Captura-de-Tela-2021-09-02-a\u0300s-15.36.23.png 570w, https:\/\/hsc.animaker.com.br\/wp-content\/uploads\/sites\/147\/2021\/09\/Captura-de-Tela-2021-09-02-a\u0300s-15.36.23-300x206.png 300w\" sizes=\"auto, (max-width: 570px) 100vw, 570px\" \/>\t\t\t\t\t\t\n\t\t\t\t\t<\/div>\n\t\t\t\t\t\t\t\t\n<style>\n#image_1720316579 {\n  width: 88%;\n}\n<\/style>\n\t<\/div>\n\t\n<h4><span style=\"font-size: 90%;\">Hospital Santa Catarina &#8211; Anexo HMMDOLC<\/span><\/h4>\n              <\/div>\n           <\/div>\n       <\/div>       <\/div>              \n<style>\n#text-box-578878069 {\n  margin: 4px 4px 4px 4px;\n  width: 28%;\n}\n#text-box-578878069 .text-box-content {\n  background-color: rgba(255, 255, 255, 0.55);\n  font-size: 81%;\n}\n#text-box-578878069 .text-inner {\n  padding: 4px 4px 4px 4px;\n}\n<\/style>\n    <\/div>\n \n        <\/div>\n      <\/div>\n\n            \n<style>\n#banner-419846665 {\n  padding-top: 550px;\n  background-color: rgb(255,255,255);\n}\n<\/style>\n  <\/div>\n\n\n     <\/div>\n\n     <div class=\"loading-spin dark large centered\"><\/div>\n\n\t<\/div>\n\n\n<div class=\"row align-center\"  id=\"row-809431423\">\n\n\t<div id=\"col-890678282\" class=\"col medium-3 small-6 large-3\"  >\n\t\t\t\t<div class=\"col-inner\"  >\n\t\t\t\n\t\t\t\n\n\t\t<div class=\"icon-box featured-box icon-box-center text-center is-small\"  >\n\t\t\t\t\t<div class=\"icon-box-img\" style=\"width: 60px\">\n\t\t\t\t<div class=\"icon\">\n\t\t\t\t\t<div class=\"icon-inner\" style=\"color:rgb(221, 132, 74);\">\n\t\t\t\t\t\t<?xml version=\"1.0\" encoding=\"utf-8\"?>\n<!-- Generated by IcoMoon.io -->\n<!DOCTYPE svg PUBLIC \"-\/\/W3C\/\/DTD SVG 1.1\/\/EN\" \"http:\/\/www.w3.org\/Graphics\/SVG\/1.1\/DTD\/svg11.dtd\">\n<svg version=\"1.1\" xmlns=\"http:\/\/www.w3.org\/2000\/svg\" xmlns:xlink=\"http:\/\/www.w3.org\/1999\/xlink\" width=\"20\" height=\"20\" viewBox=\"0 0 20 20\">\n<path fill=\"#000000\" d=\"M17.854 5.646l-4.5-4.5c-0.094-0.094-0.221-0.146-0.354-0.146h-9.5c-0.827 0-1.5 0.673-1.5 1.5v16c0 0.827 0.673 1.5 1.5 1.5h13c0.827 0 1.5-0.673 1.5-1.5v-12.5c0-0.133-0.053-0.26-0.146-0.354zM16.793 6h-3.293c-0.276 0-0.5-0.224-0.5-0.5v-3.293l3.793 3.793zM16.5 19h-13c-0.276 0-0.5-0.224-0.5-0.5v-16c0-0.276 0.224-0.5 0.5-0.5h8.5v3.5c0 0.827 0.673 1.5 1.5 1.5h3.5v11.5c0 0.276-0.224 0.5-0.5 0.5z\"><\/path>\n<path fill=\"#000000\" d=\"M11.5 13h-2.5v-2.5c0-0.276-0.224-0.5-0.5-0.5s-0.5 0.224-0.5 0.5v2.5h-2.5c-0.276 0-0.5 0.224-0.5 0.5s0.224 0.5 0.5 0.5h2.5v2.5c0 0.276 0.224 0.5 0.5 0.5s0.5-0.224 0.5-0.5v-2.5h2.5c0.276 0 0.5-0.224 0.5-0.5s-0.224-0.5-0.5-0.5z\"><\/path>\n<\/svg>\n\t\t\t\t\t<\/div>\n\t\t\t\t<\/div>\n\t\t\t<\/div>\n\t\t\t\t<div class=\"icon-box-text last-reset\">\n\t\t\t<h5 class=\"uppercase\">Trabalhe Conosco<\/h5>\t\t\t\t\t\t\n\t\t<\/div>\n\t<\/div>\n\t\n\t\n\t\t<\/div>\n\t\t\t\t\t<\/div>\n\n\t\n\n\t<div id=\"col-1734681231\" class=\"col medium-3 small-6 large-3\"  >\n\t\t\t\t<div class=\"col-inner\"  >\n\t\t\t\n\t\t\t\n\n\t<a class=\"plain\" href=\"https:\/\/hsc.animaker.com.br\/?page_id=93\" >\t<div class=\"icon-box featured-box icon-box-center text-center is-small\"  >\n\t\t\t\t\t<div class=\"icon-box-img\" style=\"width: 60px\">\n\t\t\t\t<div class=\"icon\">\n\t\t\t\t\t<div class=\"icon-inner\" style=\"color:rgb(221, 132, 74);\">\n\t\t\t\t\t\t<?xml version=\"1.0\" encoding=\"utf-8\"?>\n<!-- Generated by IcoMoon.io -->\n<!DOCTYPE svg PUBLIC \"-\/\/W3C\/\/DTD SVG 1.1\/\/EN\" \"http:\/\/www.w3.org\/Graphics\/SVG\/1.1\/DTD\/svg11.dtd\">\n<svg version=\"1.1\" xmlns=\"http:\/\/www.w3.org\/2000\/svg\" xmlns:xlink=\"http:\/\/www.w3.org\/1999\/xlink\" width=\"20\" height=\"20\" viewBox=\"0 0 20 20\">\n<path fill=\"#000000\" d=\"M7.631 19.702c-0.041 0-0.083-0.005-0.125-0.016-0.898-0.231-1.761-0.587-2.564-1.059-0.233-0.137-0.315-0.434-0.186-0.671 0.159-0.292 0.243-0.622 0.243-0.957 0-1.103-0.897-2-2-2-0.334 0-0.665 0.084-0.957 0.243-0.237 0.129-0.534 0.047-0.671-0.186-0.472-0.804-0.828-1.666-1.059-2.564-0.065-0.254 0.077-0.515 0.325-0.598 0.814-0.274 1.362-1.036 1.362-1.895s-0.547-1.621-1.362-1.895c-0.248-0.084-0.39-0.344-0.325-0.598 0.231-0.898 0.587-1.761 1.059-2.564 0.137-0.233 0.434-0.315 0.671-0.186 0.291 0.159 0.622 0.243 0.957 0.243 1.103 0 2-0.897 2-2 0-0.334-0.084-0.665-0.243-0.957-0.129-0.237-0.047-0.534 0.186-0.671 0.804-0.472 1.666-0.828 2.564-1.059 0.254-0.065 0.515 0.077 0.598 0.325 0.274 0.814 1.036 1.362 1.895 1.362s1.621-0.547 1.895-1.362c0.084-0.248 0.345-0.39 0.598-0.325 0.898 0.231 1.761 0.587 2.564 1.059 0.233 0.137 0.315 0.434 0.186 0.671-0.159 0.292-0.243 0.622-0.243 0.957 0 1.103 0.897 2 2 2 0.334 0 0.665-0.084 0.957-0.243 0.237-0.129 0.534-0.047 0.671 0.186 0.472 0.804 0.828 1.666 1.059 2.564 0.065 0.254-0.077 0.515-0.325 0.598-0.814 0.274-1.362 1.036-1.362 1.895s0.547 1.621 1.362 1.895c0.248 0.084 0.39 0.344 0.325 0.598-0.231 0.898-0.587 1.761-1.059 2.564-0.137 0.233-0.434 0.315-0.671 0.186-0.292-0.159-0.622-0.243-0.957-0.243-1.103 0-2 0.897-2 2 0 0.334 0.084 0.665 0.243 0.957 0.129 0.237 0.047 0.534-0.186 0.671-0.804 0.472-1.666 0.828-2.564 1.059-0.254 0.065-0.515-0.077-0.598-0.325-0.274-0.814-1.036-1.362-1.895-1.362s-1.621 0.547-1.895 1.362c-0.070 0.207-0.264 0.341-0.474 0.341zM10 17c1.127 0 2.142 0.628 2.655 1.602 0.52-0.161 1.026-0.369 1.51-0.622-0.108-0.314-0.164-0.646-0.164-0.98 0-1.654 1.346-3 3-3 0.334 0 0.666 0.056 0.98 0.164 0.253-0.484 0.462-0.989 0.622-1.51-0.974-0.512-1.602-1.527-1.602-2.655s0.628-2.142 1.602-2.655c-0.161-0.52-0.369-1.026-0.622-1.51-0.314 0.108-0.646 0.164-0.98 0.164-1.654 0-3-1.346-3-3 0-0.334 0.056-0.666 0.164-0.98-0.484-0.253-0.989-0.462-1.51-0.622-0.512 0.974-1.527 1.602-2.655 1.602s-2.142-0.628-2.655-1.602c-0.52 0.16-1.026 0.369-1.51 0.622 0.108 0.314 0.164 0.646 0.164 0.98 0 1.654-1.346 3-3 3-0.334 0-0.666-0.056-0.98-0.164-0.253 0.484-0.462 0.989-0.622 1.51 0.974 0.512 1.602 1.527 1.602 2.655s-0.628 2.142-1.602 2.655c0.16 0.52 0.369 1.026 0.622 1.51 0.314-0.108 0.646-0.164 0.98-0.164 1.654 0 3 1.346 3 3 0 0.334-0.056 0.666-0.164 0.98 0.484 0.253 0.989 0.462 1.51 0.622 0.512-0.974 1.527-1.602 2.655-1.602z\"><\/path>\n<path fill=\"#000000\" d=\"M10 13c-1.654 0-3-1.346-3-3s1.346-3 3-3 3 1.346 3 3-1.346 3-3 3zM10 8c-1.103 0-2 0.897-2 2s0.897 2 2 2c1.103 0 2-0.897 2-2s-0.897-2-2-2z\"><\/path>\n<\/svg>\n\t\t\t\t\t<\/div>\n\t\t\t\t<\/div>\n\t\t\t<\/div>\n\t\t\t\t<div class=\"icon-box-text last-reset\">\n\t\t\t<h5 class=\"uppercase\">Compras<\/h5>\t\t\t\t\t\t\n\t\t<\/div>\n\t<\/div>\n\t<\/a>\n\t\n\t\t<\/div>\n\t\t\t\t\t<\/div>\n\n\t\n\n\t<div id=\"col-1611731263\" class=\"col medium-3 small-6 large-3\"  >\n\t\t\t\t<div class=\"col-inner\"  >\n\t\t\t\n\t\t\t\n\n\t<a class=\"plain\" href=\"https:\/\/hsc.animaker.com.br\/?page_id=79\" >\t<div class=\"icon-box featured-box icon-box-center text-center is-small\"  >\n\t\t\t\t\t<div class=\"icon-box-img\" style=\"width: 60px\">\n\t\t\t\t<div class=\"icon\">\n\t\t\t\t\t<div class=\"icon-inner\" style=\"color:rgb(221, 132, 74);\">\n\t\t\t\t\t\t<?xml version=\"1.0\" encoding=\"utf-8\"?>\n<!-- Generated by IcoMoon.io -->\n<!DOCTYPE svg PUBLIC \"-\/\/W3C\/\/DTD SVG 1.1\/\/EN\" \"http:\/\/www.w3.org\/Graphics\/SVG\/1.1\/DTD\/svg11.dtd\">\n<svg version=\"1.1\" xmlns=\"http:\/\/www.w3.org\/2000\/svg\" xmlns:xlink=\"http:\/\/www.w3.org\/1999\/xlink\" width=\"20\" height=\"20\" viewBox=\"0 0 20 20\">\n<path fill=\"#000000\" d=\"M16 20c-1.771 0-3.655-0.502-5.6-1.492-1.793-0.913-3.564-2.22-5.122-3.78s-2.863-3.333-3.775-5.127c-0.988-1.946-1.49-3.83-1.49-5.601 0-1.148 1.070-2.257 1.529-2.68 0.661-0.609 1.701-1.32 2.457-1.32 0.376 0 0.816 0.246 1.387 0.774 0.425 0.394 0.904 0.928 1.383 1.544 0.289 0.372 1.73 2.271 1.73 3.182 0 0.747-0.845 1.267-1.739 1.816-0.346 0.212-0.703 0.432-0.961 0.639-0.276 0.221-0.325 0.338-0.333 0.364 0.949 2.366 3.85 5.267 6.215 6.215 0.021-0.007 0.138-0.053 0.363-0.333 0.207-0.258 0.427-0.616 0.639-0.961 0.55-0.894 1.069-1.739 1.816-1.739 0.911 0 2.81 1.441 3.182 1.73 0.616 0.479 1.15 0.958 1.544 1.383 0.528 0.57 0.774 1.011 0.774 1.387 0 0.756-0.711 1.799-1.319 2.463-0.424 0.462-1.533 1.537-2.681 1.537zM3.994 1c-0.268 0.005-0.989 0.333-1.773 1.055-0.744 0.686-1.207 1.431-1.207 1.945 0 6.729 8.264 15 14.986 15 0.513 0 1.258-0.465 1.944-1.213 0.723-0.788 1.051-1.512 1.056-1.781-0.032-0.19-0.558-0.929-1.997-2.037-1.237-0.952-2.24-1.463-2.498-1.469-0.018 0.005-0.13 0.048-0.357 0.336-0.197 0.251-0.408 0.594-0.613 0.926-0.56 0.911-1.089 1.772-1.858 1.772-0.124 0-0.246-0.024-0.363-0.071-2.625-1.050-5.729-4.154-6.779-6.779-0.126-0.315-0.146-0.809 0.474-1.371 0.33-0.299 0.786-0.579 1.228-0.851 0.332-0.204 0.676-0.415 0.926-0.613 0.288-0.227 0.331-0.339 0.336-0.357-0.007-0.258-0.517-1.261-1.469-2.498-1.108-1.439-1.847-1.964-2.037-1.997z\"><\/path>\n<\/svg>\n\t\t\t\t\t<\/div>\n\t\t\t\t<\/div>\n\t\t\t<\/div>\n\t\t\t\t<div class=\"icon-box-text last-reset\">\n\t\t\t<h5 class=\"uppercase\">Fale Conosco<\/h5>\t\t\t\t\t\t\n\t\t<\/div>\n\t<\/div>\n\t<\/a>\n\t\n\t\t<\/div>\n\t\t\t\t\t<\/div>\n\n\t\n\n\t<div id=\"col-222863865\" class=\"col medium-3 small-6 large-3\"  >\n\t\t\t\t<div class=\"col-inner\"  >\n\t\t\t\n\t\t\t\n\n\t<a class=\"plain\" href=\"https:\/\/hsc.animaker.com.br\/?page_id=76\" >\t<div class=\"icon-box featured-box icon-box-center text-center is-small\"  >\n\t\t\t\t\t<div class=\"icon-box-img\" style=\"width: 60px\">\n\t\t\t\t<div class=\"icon\">\n\t\t\t\t\t<div class=\"icon-inner\" style=\"color:rgb(221, 132, 74);\">\n\t\t\t\t\t\t<?xml version=\"1.0\" encoding=\"utf-8\"?>\n<!-- Generated by IcoMoon.io -->\n<!DOCTYPE svg PUBLIC \"-\/\/W3C\/\/DTD SVG 1.1\/\/EN\" \"http:\/\/www.w3.org\/Graphics\/SVG\/1.1\/DTD\/svg11.dtd\">\n<svg version=\"1.1\" xmlns=\"http:\/\/www.w3.org\/2000\/svg\" xmlns:xlink=\"http:\/\/www.w3.org\/1999\/xlink\" width=\"20\" height=\"20\" viewBox=\"0 0 20 20\">\n<path fill=\"#000000\" d=\"M8.5 20c-0.043 0-0.087-0.006-0.13-0.017-0.218-0.059-0.37-0.257-0.37-0.483v-7.5h-7.5c-0.226 0-0.424-0.152-0.483-0.37s0.037-0.449 0.232-0.562l19-11c0.196-0.113 0.444-0.081 0.604 0.079s0.193 0.408 0.079 0.604l-11 19c-0.091 0.157-0.258 0.249-0.433 0.249zM2.362 11h6.138c0.276 0 0.5 0.224 0.5 0.5v6.138l9.128-15.766-15.766 9.128z\"><\/path>\n<\/svg>\n\t\t\t\t\t<\/div>\n\t\t\t\t<\/div>\n\t\t\t<\/div>\n\t\t\t\t<div class=\"icon-box-text last-reset\">\n\t\t\t<h5 class=\"uppercase\">Como Chegar<\/h5>\t\t\t\t\t\t\n\t\t<\/div>\n\t<\/div>\n\t<\/a>\n\t\n\t\t<\/div>\n\t\t\t\t\t<\/div>\n\n\t\n<\/div>\n<div class=\"row\"  id=\"row-1913884766\">\n\n\t<div id=\"col-16186224\" class=\"col medium-6 small-12 large-6\"  >\n\t\t\t\t<div class=\"col-inner\"  >\n\t\t\t\n\t\t\t\n<h3 style=\"text-align: justify;\"><strong>Seja Bem Vindo(a):<\/strong><\/h3>\n<p style=\"text-align: justify;\"><span style=\"font-size: 80%;\"><button id=\"bb1\" type=\"button\" value=\"Play\" class=\"responsivevoice-button\" title=\"ResponsiveVoice Tap to Start\/Stop Speech\"><span>&#128266; Ouvir<\/span><\/button>\n        <script>\n            bb1.onclick = function(){\n                if(responsiveVoice.isPlaying()){\n                    responsiveVoice.cancel();\n                }else{\n                    responsiveVoice.speak(\"O Hospital Santa Catarina - Anexo HMMDOLC, foi reaberto em 2020 ap\u00f3s requerimento da PMU (Prefeitura Municipal de Uberl\u00e2ndia) para utilizar o im\u00f3vel, a fim de refor\u00e7ar a rede p\u00fablica municipal de sa\u00fade para enfrentamento a pandemia do Coronav\u00edrus, sendo a SPDM convidada assumir este desafio, por estar \u00e0 frente da gest\u00e3o do HMMDOLC desde 2010, ano de sua inaugura\u00e7\u00e3o.\u00a0 Ap\u00f3s mais de 04 anos inativo, desde abril de 2020, o Hospital Santa Catarina (HSC) atua como anexo ao Hospital e Maternidade Municipal Dr. Odelmo Le\u00e3o Carneiro prestando servi\u00e7o de sa\u00fade com qualidade aos usu\u00e1rios SUS exclusivamente com diagn\u00f3stico de COVID-19. O im\u00f3vel situado no Centro da cidade de Uberl\u00e2ndia \u2013 MG, passou por adequa\u00e7\u00e3o dos leitos, disponibilizando maior n\u00famero de leitos de Unidade de Terapia Intensiva (UTIs), al\u00e9m de leitos de enfermaria, todos com equipamentos dispon\u00edveis, proporcionando assist\u00eancia hospitalar de m\u00e9dia e alta complexidade na \u00e1rea de UTI e Cl\u00ednica M\u00e9dica para pacientes internados e encaminhados por meio do Complexo Regulador.\u00a0 Al\u00e9m dos leitos de UTIs e Enfermaria para assist\u00eancia direta aos pacientes com a COVID-19 foi disponibilizado ainda servi\u00e7os de apoio como tomografia computadorizada para a presta\u00e7\u00e3o de assist\u00eancia com qualidade e seguran\u00e7a, premissas do Hospital e Maternidade Municipal Dr. Odelmo Le\u00e3o Carneiro e SPDM Afiliadas.\", \"Brazilian Portuguese Female\");\n                }\n            };\n        <\/script>\n    <\/span><\/p>\n<p style=\"text-align: justify;\"><span style=\"font-weight: 400;\">O Hospital Santa Catarina &#8211; Anexo HMMDOLC, foi reaberto em 2020 ap\u00f3s requerimento da PMU (Prefeitura Municipal de Uberl\u00e2ndia) para utilizar o im\u00f3vel, a fim de refor\u00e7ar a rede p\u00fablica municipal de sa\u00fade para enfrentamento a pandemia do Coronav\u00edrus, sendo a SPDM convidada assumir este desafio, por estar \u00e0 frente da gest\u00e3o do HMMDOLC desde 2010, ano de sua inaugura\u00e7\u00e3o.\u00a0<\/span><\/p>\n<p style=\"text-align: justify;\"><span style=\"font-weight: 400;\">Ap\u00f3s mais de 04 anos inativo, desde abril de 2020, o Hospital Santa Catarina (HSC) atua como anexo ao Hospital e Maternidade Municipal Dr. Odelmo Le\u00e3o Carneiro prestando servi\u00e7o de sa\u00fade com qualidade aos usu\u00e1rios SUS exclusivamente com diagn\u00f3stico de COVID-19.<\/span><\/p>\n<p style=\"text-align: justify;\"><span style=\"font-weight: 400;\">O im\u00f3vel situado no Centro da cidade de Uberl\u00e2ndia \u2013 MG, passou por adequa\u00e7\u00e3o dos leitos, disponibilizando maior n\u00famero de leitos de Unidade de Terapia Intensiva (UTIs), al\u00e9m de leitos de enfermaria, todos com equipamentos dispon\u00edveis, proporcionando assist\u00eancia hospitalar de m\u00e9dia e alta complexidade na \u00e1rea de UTI e Cl\u00ednica M\u00e9dica para pacientes internados e encaminhados por meio do Complexo Regulador.\u00a0<\/span><\/p>\n<p style=\"text-align: justify;\"><span style=\"font-weight: 400;\">Al\u00e9m dos leitos de UTIs e Enfermaria para assist\u00eancia direta aos pacientes com a COVID-19 foi disponibilizado ainda servi\u00e7os de apoio como tomografia computadorizada para a presta\u00e7\u00e3o de assist\u00eancia com qualidade e seguran\u00e7a, premissas do Hospital e Maternidade Municipal Dr. Odelmo Le\u00e3o Carneiro e SPDM Afiliadas.<\/span><span style=\"font-size: 14.4px;\"><\/span><\/p>\n\t\t<\/div>\n\t\t\t\t\t<\/div>\n\n\t\n\n\t<div id=\"col-1099997822\" class=\"col medium-6 small-12 large-6\"  >\n\t\t\t\t<div class=\"col-inner\"  >\n\t\t\t\n\t\t\t\n<div class=\"accordion\">\n\t<div id=\"accordion-2531578900\" class=\"accordion-item\">\n\t\t<a id=\"accordion-2531578900-label\" class=\"accordion-title plain\" href=\"#accordion-item-miss\u00e3o\" aria-expanded=\"false\" aria-controls=\"accordion-2531578900-content\">\n\t\t\t<button class=\"toggle\" aria-label=\"Toggle\"><i class=\"icon-angle-down\" aria-hidden=\"true\"><\/i><\/button>\n\t\t\t<span>Miss\u00e3o<\/span>\n\t\t<\/a>\n\t\t<div id=\"accordion-2531578900-content\" class=\"accordion-inner\" aria-labelledby=\"accordion-2531578900-label\">\n\t\t\t\n<button id=\"bb2\" type=\"button\" value=\"Play\" class=\"responsivevoice-button\" title=\"ResponsiveVoice Tap to Start\/Stop Speech\"><span>&#128266; Ouvir<\/span><\/button>\n        <script>\n            bb2.onclick = function(){\n                if(responsiveVoice.isPlaying()){\n                    responsiveVoice.cancel();\n                }else{\n                    responsiveVoice.speak(\"Cuidar das pessoas, dentro dos princ\u00edpios do SUS, com seguran\u00e7a e sustentabilidade consolidado o modelo de gest\u00e3o.\", \"Brazilian Portuguese Female\");\n                }\n            };\n        <\/script>\n    <span style=\"font-weight: 400;\">Cuidar das pessoas, dentro dos princ\u00edpios do SUS, com seguran\u00e7a e sustentabilidade consolidado o modelo de gest\u00e3o.<\/span>\n\t\t<\/div>\n\t<\/div>\n\t\n\t<div id=\"accordion-3919718051\" class=\"accordion-item\">\n\t\t<a id=\"accordion-3919718051-label\" class=\"accordion-title plain\" href=\"#accordion-item-vis\u00e3o\" aria-expanded=\"false\" aria-controls=\"accordion-3919718051-content\">\n\t\t\t<button class=\"toggle\" aria-label=\"Toggle\"><i class=\"icon-angle-down\" aria-hidden=\"true\"><\/i><\/button>\n\t\t\t<span>Vis\u00e3o<\/span>\n\t\t<\/a>\n\t\t<div id=\"accordion-3919718051-content\" class=\"accordion-inner\" aria-labelledby=\"accordion-3919718051-label\">\n\t\t\t\n<button id=\"bb3\" type=\"button\" value=\"Play\" class=\"responsivevoice-button\" title=\"ResponsiveVoice Tap to Start\/Stop Speech\"><span>&#128266; Ouvir<\/span><\/button>\n        <script>\n            bb3.onclick = function(){\n                if(responsiveVoice.isPlaying()){\n                    responsiveVoice.cancel();\n                }else{\n                    responsiveVoice.speak(\"Ser modelo de excel\u00eancia em assist\u00eancia \u00e0 sa\u00fade e gest\u00e3o hospitalar no Brasil.\", \"Brazilian Portuguese Female\");\n                }\n            };\n        <\/script>\n    <span style=\"font-weight: 400;\">Ser modelo de excel\u00eancia em assist\u00eancia \u00e0 sa\u00fade e gest\u00e3o hospitalar no Brasil<\/span><span style=\"font-weight: 400;\">.<\/span>\n\t\t<\/div>\n\t<\/div>\n\t\n\t<div id=\"accordion-3522272982\" class=\"accordion-item\">\n\t\t<a id=\"accordion-3522272982-label\" class=\"accordion-title plain\" href=\"#accordion-item-valores\" aria-expanded=\"false\" aria-controls=\"accordion-3522272982-content\">\n\t\t\t<button class=\"toggle\" aria-label=\"Toggle\"><i class=\"icon-angle-down\" aria-hidden=\"true\"><\/i><\/button>\n\t\t\t<span>Valores<\/span>\n\t\t<\/a>\n\t\t<div id=\"accordion-3522272982-content\" class=\"accordion-inner\" aria-labelledby=\"accordion-3522272982-label\">\n\t\t\t\n<button id=\"bb4\" type=\"button\" value=\"Play\" class=\"responsivevoice-button\" title=\"ResponsiveVoice Tap to Start\/Stop Speech\"><span>&#128266; Ouvir<\/span><\/button>\n        <script>\n            bb4.onclick = function(){\n                if(responsiveVoice.isPlaying()){\n                    responsiveVoice.cancel();\n                }else{\n                    responsiveVoice.speak(\"Ser \u00e9tico Sustentabilidade s\u00f3cio-ambiental-financeira Transpar\u00eancia Respeito ao bem p\u00fablico Gentileza Humaniza\u00e7\u00e3o Cuidado centrado na pessoa\", \"Brazilian Portuguese Female\");\n                }\n            };\n        <\/script>\n    \n<ul>\n<li style=\"font-weight: 400;\" aria-level=\"1\"><span style=\"font-weight: 400;\">Ser \u00e9tico<\/span><\/li>\n<li style=\"font-weight: 400;\" aria-level=\"1\"><span style=\"font-weight: 400;\">Sustentabilidade s\u00f3cio-ambiental-financeira<\/span><\/li>\n<li style=\"font-weight: 400;\" aria-level=\"1\"><span style=\"font-weight: 400;\">Transpar\u00eancia<\/span><\/li>\n<li style=\"font-weight: 400;\" aria-level=\"1\"><span style=\"font-weight: 400;\">Respeito ao bem p\u00fablico<\/span><\/li>\n<li style=\"font-weight: 400;\" aria-level=\"1\"><span style=\"font-weight: 400;\">Gentileza<\/span><\/li>\n<li style=\"font-weight: 400;\" aria-level=\"1\"><span style=\"font-weight: 400;\">Humaniza\u00e7\u00e3o<\/span><\/li>\n<li style=\"font-weight: 400;\" aria-level=\"1\"><span style=\"font-weight: 400;\">Cuidado centrado na pessoa <\/span><\/li>\n<\/ul>\n\n\t\t<\/div>\n\t<\/div>\n\t\n<\/div>\n\t\t<\/div>\n\t\t\t\t\t<\/div>\n\n\t\n<\/div>\n","protected":false},"excerpt":{"rendered":"","protected":false},"author":1,"featured_media":0,"parent":0,"menu_order":0,"comment_status":"closed","ping_status":"closed","template":"page-blank.php","meta":{"footnotes":""},"class_list":["post-44","page","type-page","status-publish","hentry"],"_links":{"self":[{"href":"https:\/\/hsc.animaker.com.br\/index.php?rest_route=\/wp\/v2\/pages\/44","targetHints":{"allow":["GET"]}}],"collection":[{"href":"https:\/\/hsc.animaker.com.br\/index.php?rest_route=\/wp\/v2\/pages"}],"about":[{"href":"https:\/\/hsc.animaker.com.br\/index.php?rest_route=\/wp\/v2\/types\/page"}],"author":[{"embeddable":true,"href":"https:\/\/hsc.animaker.com.br\/index.php?rest_route=\/wp\/v2\/users\/1"}],"replies":[{"embeddable":true,"href":"https:\/\/hsc.animaker.com.br\/index.php?rest_route=%2Fwp%2Fv2%2Fcomments&post=44"}],"version-history":[{"count":0,"href":"https:\/\/hsc.animaker.com.br\/index.php?rest_route=\/wp\/v2\/pages\/44\/revisions"}],"wp:attachment":[{"href":"https:\/\/hsc.animaker.com.br\/index.php?rest_route=%2Fwp%2Fv2%2Fmedia&parent=44"}],"curies":[{"name":"wp","href":"https:\/\/api.w.org\/{rel}","templated":true}]}}