{"id":148,"date":"2020-05-28T18:33:16","date_gmt":"2020-05-28T21:33:16","guid":{"rendered":"http:\/\/hospitaldecampanhaanhembi.animaker.com.br\/?page_id=148"},"modified":"2020-05-28T18:33:16","modified_gmt":"2020-05-28T21:33:16","slug":"canal-de-denuncia","status":"publish","type":"page","link":"https:\/\/hsc.animaker.com.br\/?page_id=148","title":{"rendered":"Canal de Den\u00fancia"},"content":{"rendered":"<div class=\"container section-title-container\" ><h4 class=\"section-title section-title-normal\"><b aria-hidden=\"true\"><\/b><span class=\"section-title-main\" >Canal de den\u00fancia<\/span><b aria-hidden=\"true\"><\/b><\/h4><\/div>\n<div class=\"row\"  id=\"row-778959045\">\n\n\t<div id=\"col-1036329986\" class=\"col medium-4 small-12 large-4\"  >\n\t\t\t\t<div class=\"col-inner\"  >\n\t\t\t\n\t\t\t\n<p style=\"text-align: left\"><a href=\"https:\/\/www.spdm.org.br\/contato\/fale-com-o-conselho-administrativo\">https:\/\/www.spdm.org.br\/contato\/fale-com-o-conselho-administrativo<\/a><\/p>\n<p style=\"text-align: left\">Para casos de ass\u00e9dio moral:<\/p>\n<p style=\"text-align: left\"><span style=\"font-size: 85%\"><a href=\"https:\/\/www.spdm.org.br\/sistemas\/canalconfidencial\">https:\/\/www.spdm.org.br\/sistemas\/canalconfidencial<\/a><\/span><\/p>\n<p style=\"text-align: left\">E-mail:\u00a0<a href=\"mailto:combateaoassedio@spdm.org.br\">combateaoassedio@spdm.org.br<\/a><\/p>\n<p style=\"text-align: left\">A SPDM n\u00e3o permite retalia\u00e7\u00f5es com as manifesta\u00e7\u00f5es de boa f\u00e9 e garante a confidencialidade e sigilo de todas den\u00fancias.<\/p>\n\t\t<\/div>\n\t\t\t\t\t<\/div>\n\n\t\n\n\t<div id=\"col-950901804\" class=\"col medium-8 small-12 large-8\"  >\n\t\t\t\t<div class=\"col-inner\"  >\n\t\t\t\n\t\t\t\n\t<div class=\"img has-hover x md-x lg-x y md-y lg-y\" id=\"image_213800146\">\n\t\t\t\t\t\t\t\t<div class=\"img-inner dark\" >\n\t\t\t<img loading=\"lazy\" decoding=\"async\" width=\"768\" height=\"1024\" src=\"https:\/\/hsc.animaker.com.br\/wp-content\/uploads\/sites\/147\/2020\/06\/banner-canal-de-denuncia.jpg\" class=\"attachment-original size-original\" alt=\"\" srcset=\"https:\/\/hsc.animaker.com.br\/wp-content\/uploads\/sites\/147\/2020\/06\/banner-canal-de-denuncia.jpg 768w, https:\/\/hsc.animaker.com.br\/wp-content\/uploads\/sites\/147\/2020\/06\/banner-canal-de-denuncia-225x300.jpg 225w\" sizes=\"auto, (max-width: 768px) 100vw, 768px\" \/>\t\t\t\t\t\t\n\t\t\t\t\t<\/div>\n\t\t\t\t\t\t\t\t\n<style>\n#image_213800146 {\n  width: 100%;\n}\n<\/style>\n\t<\/div>\n\t\n\t\t<\/div>\n\t\t\t\t\t<\/div>\n\n\t\n<\/div>\n<div class=\"row\"  id=\"row-1979885405\">\n\n\t<div id=\"col-730303445\" class=\"col medium-6 small-12 large-6\"  >\n\t\t\t\t<div class=\"col-inner\"  >\n\t\t\t\n\t\t\t\n\t\t<\/div>\n\t\t\t\t\t<\/div>\n\n\t\n\n\t<div id=\"col-1028141132\" class=\"col medium-6 small-12 large-6\"  >\n\t\t\t\t<div class=\"col-inner\"  >\n\t\t\t\n\t\t\t\n\t\t<\/div>\n\t\t\t\t\t<\/div>\n\n\t\n<\/div>\n","protected":false},"excerpt":{"rendered":"","protected":false},"author":1,"featured_media":0,"parent":0,"menu_order":0,"comment_status":"closed","ping_status":"closed","template":"","meta":{"footnotes":""},"class_list":["post-148","page","type-page","status-publish","hentry"],"_links":{"self":[{"href":"https:\/\/hsc.animaker.com.br\/index.php?rest_route=\/wp\/v2\/pages\/148","targetHints":{"allow":["GET"]}}],"collection":[{"href":"https:\/\/hsc.animaker.com.br\/index.php?rest_route=\/wp\/v2\/pages"}],"about":[{"href":"https:\/\/hsc.animaker.com.br\/index.php?rest_route=\/wp\/v2\/types\/page"}],"author":[{"embeddable":true,"href":"https:\/\/hsc.animaker.com.br\/index.php?rest_route=\/wp\/v2\/users\/1"}],"replies":[{"embeddable":true,"href":"https:\/\/hsc.animaker.com.br\/index.php?rest_route=%2Fwp%2Fv2%2Fcomments&post=148"}],"version-history":[{"count":0,"href":"https:\/\/hsc.animaker.com.br\/index.php?rest_route=\/wp\/v2\/pages\/148\/revisions"}],"wp:attachment":[{"href":"https:\/\/hsc.animaker.com.br\/index.php?rest_route=%2Fwp%2Fv2%2Fmedia&parent=148"}],"curies":[{"name":"wp","href":"https:\/\/api.w.org\/{rel}","templated":true}]}}