{"id":147,"date":"2020-05-28T18:30:56","date_gmt":"2020-05-28T21:30:56","guid":{"rendered":"http:\/\/hospitaldecampanhaanhembi.animaker.com.br\/?page_id=147"},"modified":"2021-09-02T20:55:09","modified_gmt":"2021-09-02T20:55:09","slug":"due-diligence","status":"publish","type":"page","link":"https:\/\/hsc.animaker.com.br\/?page_id=147","title":{"rendered":"Due Diligence"},"content":{"rendered":"<div class=\"container section-title-container\" ><h4 class=\"section-title section-title-normal\"><b aria-hidden=\"true\"><\/b><span class=\"section-title-main\" >Dilig\u00eancia de Fornecedores e Prestadores de Servi\u00e7os<\/span><b aria-hidden=\"true\"><\/b><\/h4><\/div>\n<p style=\"text-align: justify;\"><button id=\"bb1\" type=\"button\" value=\"Play\" class=\"responsivevoice-button\" title=\"ResponsiveVoice Tap to Start\/Stop Speech\"><span>&#128266; Ouvir<\/span><\/button>\n        <script>\n            bb1.onclick = function(){\n                if(responsiveVoice.isPlaying()){\n                    responsiveVoice.cancel();\n                }else{\n                    responsiveVoice.speak(\"A Dilig\u00eancia de Integridade \u00e9 realizada com o intuito de avaliar e classificar os riscos de corrup\u00e7\u00e3o, reputa\u00e7\u00e3o e integridade nos relacionamentos das Institui\u00e7\u00f5es Afiliadas SPDM com seus fornecedores, parceiros e prestadores de servi\u00e7os. O processo de Dilig\u00eancia consiste nas 3 (tr\u00eas) etapas abaixo relacionadas: Etapa 1) \u201cConhecendo nossos terceiros\u201d \u2013 Avalia\u00e7\u00e3o documental e de question\u00e1rio espec\u00edfico que busca tra\u00e7ar o perfil da empresa fornecedora; Etapa 2) \u201cAvalia\u00e7\u00e3o de \u2018potencial risco\u2019\u201d \u2013 Tabula\u00e7\u00e3o dos question\u00e1rios respondidos pelos fornecedores, realiza-se a classifica\u00e7\u00e3o, por meio de algoritmos que calculam o potencial risco (baixo, m\u00e9dio e alto) para aspectos de integridade; Etapa 3) \u201cRealiza\u00e7\u00e3o de Consultas\u201d \u2013 Com base na classifica\u00e7\u00e3o de risco, avalia-se o fornecedor por meio de sistemas que acessam as bases p\u00fablicas de informa\u00e7\u00f5es como: mat\u00e9rias relevantes veiculadas em imprensa nacional e internacional, dentre outras.\", \"Brazilian Portuguese Female\");\n                }\n            };\n        <\/script>\n    A Dilig\u00eancia de Integridade \u00e9 realizada com o intuito de avaliar e classificar os riscos de corrup\u00e7\u00e3o, reputa\u00e7\u00e3o e integridade nos relacionamentos das Institui\u00e7\u00f5es Afiliadas SPDM com seus fornecedores, parceiros e prestadores de servi\u00e7os.<\/p>\n<p style=\"text-align: justify;\">O processo de Dilig\u00eancia consiste nas 3 (tr\u00eas) etapas abaixo relacionadas:<\/p>\n<p style=\"text-align: justify;\">Etapa 1) \u201cConhecendo nossos terceiros\u201d \u2013 Avalia\u00e7\u00e3o documental e de question\u00e1rio espec\u00edfico que busca tra\u00e7ar o perfil da empresa fornecedora;<\/p>\n<p style=\"text-align: justify;\">Etapa 2) \u201cAvalia\u00e7\u00e3o de \u2018potencial risco\u2019\u201d \u2013 Tabula\u00e7\u00e3o dos question\u00e1rios respondidos pelos fornecedores, realiza-se a classifica\u00e7\u00e3o, por meio de algoritmos que calculam o potencial risco (baixo, m\u00e9dio e alto) para aspectos de integridade;<\/p>\n<p style=\"text-align: justify;\">Etapa 3) \u201cRealiza\u00e7\u00e3o de Consultas\u201d \u2013 Com base na classifica\u00e7\u00e3o de risco, avalia-se o fornecedor por meio de sistemas que acessam as bases p\u00fablicas de informa\u00e7\u00f5es como: mat\u00e9rias relevantes veiculadas em imprensa nacional e internacional, dentre outras. \n","protected":false},"excerpt":{"rendered":"","protected":false},"author":1,"featured_media":0,"parent":0,"menu_order":0,"comment_status":"closed","ping_status":"closed","template":"","meta":{"footnotes":""},"class_list":["post-147","page","type-page","status-publish","hentry"],"_links":{"self":[{"href":"https:\/\/hsc.animaker.com.br\/index.php?rest_route=\/wp\/v2\/pages\/147","targetHints":{"allow":["GET"]}}],"collection":[{"href":"https:\/\/hsc.animaker.com.br\/index.php?rest_route=\/wp\/v2\/pages"}],"about":[{"href":"https:\/\/hsc.animaker.com.br\/index.php?rest_route=\/wp\/v2\/types\/page"}],"author":[{"embeddable":true,"href":"https:\/\/hsc.animaker.com.br\/index.php?rest_route=\/wp\/v2\/users\/1"}],"replies":[{"embeddable":true,"href":"https:\/\/hsc.animaker.com.br\/index.php?rest_route=%2Fwp%2Fv2%2Fcomments&post=147"}],"version-history":[{"count":0,"href":"https:\/\/hsc.animaker.com.br\/index.php?rest_route=\/wp\/v2\/pages\/147\/revisions"}],"wp:attachment":[{"href":"https:\/\/hsc.animaker.com.br\/index.php?rest_route=%2Fwp%2Fv2%2Fmedia&parent=147"}],"curies":[{"name":"wp","href":"https:\/\/api.w.org\/{rel}","templated":true}]}}