{"id":142,"date":"2020-05-28T18:25:52","date_gmt":"2020-05-28T21:25:52","guid":{"rendered":"http:\/\/hospitaldecampanhaanhembi.animaker.com.br\/?page_id=142"},"modified":"2021-09-02T20:33:43","modified_gmt":"2021-09-02T20:33:43","slug":"fornecedores-e-parceiros","status":"publish","type":"page","link":"https:\/\/hsc.animaker.com.br\/?page_id=142","title":{"rendered":"Fornecedores e Parceiros"},"content":{"rendered":"<div class=\"container section-title-container\" ><h3 class=\"section-title section-title-normal\"><b aria-hidden=\"true\"><\/b><span class=\"section-title-main\" >Fornecedores e Parceiros<\/span><b aria-hidden=\"true\"><\/b><\/h3><\/div>\n<h4 style=\"text-align: justify;\">Gest\u00e3o de Contratos \/ Cl\u00e1usula Anticorrup\u00e7\u00e3o<\/h4>\n<p style=\"text-align: justify;\"><span style=\"font-weight: 400;\">As minutas contratuais de presta\u00e7\u00e3o de servi\u00e7os firmadas entre a SPDM e seus prestadores de servi\u00e7o, incluindo os hospitais de campanha, cont\u00eam cl\u00e1usula contratual nomeada &#8220;Cl\u00e1usula Anticorrup\u00e7\u00e3o&#8221;.<\/span><\/p>\n<h4 style=\"text-align: justify;\">Entrega do Manual de Conformidade Administrativa, Pol\u00edticas e Princ\u00edpios de Integridade<\/h4>\n<p style=\"text-align: justify;\"><span style=\"font-weight: 400;\">Na celebra\u00e7\u00e3o do contrato com SPDM, os prestadores de servi\u00e7os recebem o Manual de Conformidade Administrativa, Pol\u00edticas e Princ\u00edpios de Integridade e o Manual de Fornecedores da SPDM. A assinatura do termo de ades\u00e3o ao Manual de Conformidade \u00e9 requisito obrigat\u00f3rio para celebra\u00e7\u00e3o do contrato.<\/span><\/p>\n<p style=\"text-align: justify;\"><span style=\"font-weight: 400;\">Alinhado \u00e0 estrat\u00e9gia da SPDM, bem como a seu Manual de Conformidade Administrativa, este manual visa a expressar o compromisso da organiza\u00e7\u00e3o na ado\u00e7\u00e3o de padr\u00f5es adequados de conduta na rela\u00e7\u00e3o com fornecedores que, al\u00e9m de capacidade t\u00e9cnica, demonstrem compromisso com a preserva\u00e7\u00e3o do meio ambiente, conformidade e respeito aos temas relacionados com direitos humanos, com a sa\u00fade e seguran\u00e7a dos trabalhadores, com pol\u00edticas e pr\u00e1ticas de promo\u00e7\u00e3o da diversidade, atuando de forma \u00e9tica e respons\u00e1vel.<\/span><\/p>\n<p style=\"text-align: justify;\"><span style=\"font-weight: 400;\">Al\u00e9m disso, o Manual apresenta as etapas e crit\u00e9rios utilizados na sele\u00e7\u00e3o e avalia\u00e7\u00e3o de fornecedores.<\/span><\/p>\n<p><img loading=\"lazy\" decoding=\"async\" class=\"aligncenter wp-image-197 \" src=\"https:\/\/hsc.animaker.com.br\/wp-content\/uploads\/sites\/147\/2020\/05\/2019.11.12-Manual-de-Fornecedores-2-1-565x800-1.jpg\" alt=\"\" width=\"390\" height=\"553\" srcset=\"https:\/\/hsc.animaker.com.br\/wp-content\/uploads\/sites\/147\/2020\/05\/2019.11.12-Manual-de-Fornecedores-2-1-565x800-1.jpg 565w, https:\/\/hsc.animaker.com.br\/wp-content\/uploads\/sites\/147\/2020\/05\/2019.11.12-Manual-de-Fornecedores-2-1-565x800-1-212x300.jpg 212w\" sizes=\"auto, (max-width: 390px) 100vw, 390px\" \/><\/p>\n<p><img loading=\"lazy\" decoding=\"async\" class=\"size-medium wp-image-231 aligncenter\" src=\"http:\/\/hospitaldecampanhaanhembi.spdmafiliadas.org.br\/wp-content\/uploads\/sites\/41\/2020\/05\/Captura-de-Tela-2020-05-30-a\u0300s-17.12.17-281x300.png\" alt=\"\" width=\"281\" height=\"300\" srcset=\"https:\/\/hsc.animaker.com.br\/wp-content\/uploads\/sites\/147\/2020\/05\/Captura-de-Tela-2020-05-30-a\u0300s-17.12.17-281x300.png 281w, https:\/\/hsc.animaker.com.br\/wp-content\/uploads\/sites\/147\/2020\/05\/Captura-de-Tela-2020-05-30-a\u0300s-17.12.17.png 406w\" sizes=\"auto, (max-width: 281px) 100vw, 281px\" \/><\/p>\n<p><i><span style=\"font-weight: 400;\">Anexo II &#8211; Manual de Conformidade Administrativa, Pol\u00edticas e Princ\u00edpios de Integridade SPDM &#8211; Termo de Ades\u00e3o aplicado aos terceiros.<\/span><\/i><\/p>\n<h4>Treinamento de Compliance para Fornecedores e Prestadores de Servi\u00e7os<\/h4>\n<p style=\"text-align: justify;\">Todos os prestadores de servi\u00e7os do Hospital de Campanha do Anhembi, sob gest\u00e3o da SPDM , realizaram o treinamento de Compliance.<\/p>\n<p style=\"text-align: justify;\">O treinamento aborda conceitos e defini\u00e7\u00f5es de compliance e integridade do Manual de Conformidade Administrativa da SPDM, suas pol\u00edticas, normas e regulamentos, canais de den\u00fancias e todas as outras a\u00e7\u00f5es de promo\u00e7\u00e3o da cultura de integridade.<\/p>\n<p style=\"text-align: justify;\">A partir de maio de 2020, em fun\u00e7\u00e3o da pandemia de COVID-19, os treinamentos passaram a ser realizados na vers\u00e3o on-line ao vivo.<\/p>\n","protected":false},"excerpt":{"rendered":"<p>Gest\u00e3o de Contratos \/ Cl\u00e1usula Anticorrup\u00e7\u00e3o As minutas contratuais de presta\u00e7\u00e3o de servi\u00e7os firmadas entre a SPDM e seus prestadores de servi\u00e7o, incluindo os hospitais de campanha, cont\u00eam cl\u00e1usula contratual nomeada &#8220;Cl\u00e1usula Anticorrup\u00e7\u00e3o&#8221;. Entrega do Manual de Conformidade Administrativa, Pol\u00edticas e Princ\u00edpios de Integridade Na celebra\u00e7\u00e3o do contrato com SPDM, os prestadores de servi\u00e7os recebem [&#8230;]\n","protected":false},"author":1,"featured_media":0,"parent":0,"menu_order":0,"comment_status":"closed","ping_status":"closed","template":"","meta":{"footnotes":""},"class_list":["post-142","page","type-page","status-publish","hentry"],"_links":{"self":[{"href":"https:\/\/hsc.animaker.com.br\/index.php?rest_route=\/wp\/v2\/pages\/142","targetHints":{"allow":["GET"]}}],"collection":[{"href":"https:\/\/hsc.animaker.com.br\/index.php?rest_route=\/wp\/v2\/pages"}],"about":[{"href":"https:\/\/hsc.animaker.com.br\/index.php?rest_route=\/wp\/v2\/types\/page"}],"author":[{"embeddable":true,"href":"https:\/\/hsc.animaker.com.br\/index.php?rest_route=\/wp\/v2\/users\/1"}],"replies":[{"embeddable":true,"href":"https:\/\/hsc.animaker.com.br\/index.php?rest_route=%2Fwp%2Fv2%2Fcomments&post=142"}],"version-history":[{"count":0,"href":"https:\/\/hsc.animaker.com.br\/index.php?rest_route=\/wp\/v2\/pages\/142\/revisions"}],"wp:attachment":[{"href":"https:\/\/hsc.animaker.com.br\/index.php?rest_route=%2Fwp%2Fv2%2Fmedia&parent=142"}],"curies":[{"name":"wp","href":"https:\/\/api.w.org\/{rel}","templated":true}]}}