{"id":141,"date":"2020-05-28T18:24:07","date_gmt":"2020-05-28T21:24:07","guid":{"rendered":"http:\/\/hospitaldecampanhaanhembi.animaker.com.br\/?page_id=141"},"modified":"2021-09-02T20:32:44","modified_gmt":"2021-09-02T20:32:44","slug":"relatorio-de-compliance-e-integridade","status":"publish","type":"page","link":"https:\/\/hsc.animaker.com.br\/?page_id=141","title":{"rendered":"Relat\u00f3rio de Compliance e Integridade"},"content":{"rendered":"<div class=\"row row-small\"  id=\"row-400426128\">\n\n\t<div id=\"col-572113049\" class=\"col small-12 large-12\"  >\n\t\t\t\t<div class=\"col-inner\"  >\n\t\t\t\n\t\t\t\n<div class=\"container section-title-container\" ><h4 class=\"section-title section-title-normal\"><b aria-hidden=\"true\"><\/b><span class=\"section-title-main\" >Relat\u00f3rio de Compliance<\/span><b aria-hidden=\"true\"><\/b><\/h4><\/div>\n<p class=\"p1\" style=\"text-align: justify;\"><span class=\"s1\">Este relat\u00f3rio apresenta as a\u00e7\u00f5es de Compliance que foram realizadas nas Institui\u00e7\u00f5es Afiliadas, conforme as diretrizes do Programa de Compliance e Integridade da SPDM.<\/span><\/p>\n<p><img loading=\"lazy\" decoding=\"async\" class=\"wp-image-496 size-full aligncenter\" src=\"https:\/\/hsc.animaker.com.br\/wp-content\/uploads\/sites\/147\/2021\/09\/2021.03.18-Relatorio_COMPLIANCE_4_DIGITAL-1.jpg\" alt=\"\" width=\"600\" height=\"849\" srcset=\"https:\/\/hsc.animaker.com.br\/wp-content\/uploads\/sites\/147\/2021\/09\/2021.03.18-Relatorio_COMPLIANCE_4_DIGITAL-1.jpg 600w, https:\/\/hsc.animaker.com.br\/wp-content\/uploads\/sites\/147\/2021\/09\/2021.03.18-Relatorio_COMPLIANCE_4_DIGITAL-1-212x300.jpg 212w\" sizes=\"auto, (max-width: 600px) 100vw, 600px\" \/><\/p>\n\t\t<\/div>\n\t\t\t\t\t<\/div>\n\n\t\n<\/div>\n","protected":false},"excerpt":{"rendered":"","protected":false},"author":1,"featured_media":0,"parent":0,"menu_order":0,"comment_status":"closed","ping_status":"closed","template":"","meta":{"footnotes":""},"class_list":["post-141","page","type-page","status-publish","hentry"],"_links":{"self":[{"href":"https:\/\/hsc.animaker.com.br\/index.php?rest_route=\/wp\/v2\/pages\/141","targetHints":{"allow":["GET"]}}],"collection":[{"href":"https:\/\/hsc.animaker.com.br\/index.php?rest_route=\/wp\/v2\/pages"}],"about":[{"href":"https:\/\/hsc.animaker.com.br\/index.php?rest_route=\/wp\/v2\/types\/page"}],"author":[{"embeddable":true,"href":"https:\/\/hsc.animaker.com.br\/index.php?rest_route=\/wp\/v2\/users\/1"}],"replies":[{"embeddable":true,"href":"https:\/\/hsc.animaker.com.br\/index.php?rest_route=%2Fwp%2Fv2%2Fcomments&post=141"}],"version-history":[{"count":0,"href":"https:\/\/hsc.animaker.com.br\/index.php?rest_route=\/wp\/v2\/pages\/141\/revisions"}],"wp:attachment":[{"href":"https:\/\/hsc.animaker.com.br\/index.php?rest_route=%2Fwp%2Fv2%2Fmedia&parent=141"}],"curies":[{"name":"wp","href":"https:\/\/api.w.org\/{rel}","templated":true}]}}